{"id":135,"date":"2017-06-13T17:32:19","date_gmt":"2017-06-13T15:32:19","guid":{"rendered":"http:\/\/zweitwohnsitz.co.at\/?page_id=135"},"modified":"2020-12-23T22:15:40","modified_gmt":"2020-12-23T21:15:40","slug":"agb","status":"publish","type":"page","link":"https:\/\/www.zweitwohnsitz.co.at\/en\/agb\/","title":{"rendered":"AGB"},"content":{"rendered":"<p>&nbsp;<\/p>\n<p>Damit Ihr indess erkennt, woher dieser ganze Irrthum gekommen ist, und weshalb man die Lust anklagt und den Schmerz lobet, so will ich Euch Alles er\u00f6ffnen und auseinander setzen, was jener Begr\u00fcnder der Wahrheit und gleichsam Baumeister des gl\u00fccklichen Lebens selbst dar\u00fcber gesagt hat. Niemand, sagt er, verschm\u00e4he, oder hasse, oder fliehe die Lust als solche, sondern weil grosse Schmerzen ihr folgen, wenn man nicht mit Vernunft ihr nachzugehen verstehe. Ebenso werde der Schmerz als solcher von Niemand geliebt, gesucht und verlangt, sondern weil mitunter solche Zeiten eintreten, dass man mittelst Arbeiten und Schmerzen eine grosse Lust sich zu verschaften suchen m\u00fcsse. Um hier gleich bei dem Einfachsten stehen zu bleiben, so w\u00fcrde Niemand von uns anstrengende k\u00f6rperliche Uebungen vornehmen, wenn er nicht einen Vortheil davon erwartete. Wer d\u00fcrfte aber wohl Den tadeln, der nach einer Lust verlangt, welcher keine Unannehmlichkeit folgt, oder der einem Schmerze ausweicht, aus dem keine Lust hervorgeht?<\/p>\n","protected":false},"excerpt":{"rendered":"<p>&nbsp; Damit Ihr indess erkennt, woher dieser ganze Irrthum gekommen ist, und weshalb man die Lust anklagt und den Schmerz lobet, so will ich Euch Alles er\u00f6ffnen und auseinander setzen, was jener Begr\u00fcnder der Wahrheit und gleichsam Baumeister des gl\u00fccklichen Lebens selbst dar\u00fcber gesagt hat. Niemand, sagt er, verschm\u00e4he, oder hasse, oder fliehe die Lust [&hellip;]<\/p>\n","protected":false},"author":1,"featured_media":0,"parent":0,"menu_order":0,"comment_status":"closed","ping_status":"closed","template":"","meta":{"footnotes":""},"class_list":["post-135","page","type-page","status-publish","hentry"],"acf":[],"yoast_head":"<!-- This site is optimized with the Yoast SEO plugin v26.5 - https:\/\/yoast.com\/wordpress\/plugins\/seo\/ -->\n<title>AGB - zweitwohnsitz<\/title>\n<meta name=\"robots\" content=\"index, follow, max-snippet:-1, max-image-preview:large, max-video-preview:-1\" \/>\n<link rel=\"canonical\" href=\"https:\/\/www.zweitwohnsitz.co.at\/agb\/\" \/>\n<meta property=\"og:locale\" content=\"en_US\" \/>\n<meta property=\"og:type\" content=\"article\" \/>\n<meta property=\"og:title\" content=\"AGB - zweitwohnsitz\" \/>\n<meta property=\"og:description\" content=\"&nbsp; Damit Ihr indess erkennt, woher dieser ganze Irrthum gekommen ist, und weshalb man die Lust anklagt und den Schmerz lobet, so will ich Euch Alles er\u00f6ffnen und auseinander setzen, was jener Begr\u00fcnder der Wahrheit und gleichsam Baumeister des gl\u00fccklichen Lebens selbst dar\u00fcber gesagt hat. Niemand, sagt er, verschm\u00e4he, oder hasse, oder fliehe die Lust [&hellip;]\" \/>\n<meta property=\"og:url\" content=\"https:\/\/www.zweitwohnsitz.co.at\/agb\/\" \/>\n<meta property=\"og:site_name\" content=\"zweitwohnsitz\" \/>\n<meta property=\"article:modified_time\" content=\"2020-12-23T21:15:40+00:00\" \/>\n<meta name=\"twitter:card\" content=\"summary_large_image\" \/>\n<meta name=\"twitter:label1\" content=\"Est. reading time\" \/>\n\t<meta name=\"twitter:data1\" content=\"1 minute\" \/>\n<script type=\"application\/ld+json\" class=\"yoast-schema-graph\">{\"@context\":\"https:\/\/schema.org\",\"@graph\":[{\"@type\":\"WebPage\",\"@id\":\"https:\/\/www.zweitwohnsitz.co.at\/agb\/\",\"url\":\"https:\/\/www.zweitwohnsitz.co.at\/agb\/\",\"name\":\"AGB - zweitwohnsitz\",\"isPartOf\":{\"@id\":\"https:\/\/www.zweitwohnsitz.co.at\/#website\"},\"datePublished\":\"2017-06-13T15:32:19+00:00\",\"dateModified\":\"2020-12-23T21:15:40+00:00\",\"breadcrumb\":{\"@id\":\"https:\/\/www.zweitwohnsitz.co.at\/agb\/#breadcrumb\"},\"inLanguage\":\"en-US\",\"potentialAction\":[{\"@type\":\"ReadAction\",\"target\":[\"https:\/\/www.zweitwohnsitz.co.at\/agb\/\"]}]},{\"@type\":\"BreadcrumbList\",\"@id\":\"https:\/\/www.zweitwohnsitz.co.at\/agb\/#breadcrumb\",\"itemListElement\":[{\"@type\":\"ListItem\",\"position\":1,\"name\":\"Startseite\",\"item\":\"https:\/\/www.zweitwohnsitz.co.at\/\"},{\"@type\":\"ListItem\",\"position\":2,\"name\":\"AGB\"}]},{\"@type\":\"WebSite\",\"@id\":\"https:\/\/www.zweitwohnsitz.co.at\/#website\",\"url\":\"https:\/\/www.zweitwohnsitz.co.at\/\",\"name\":\"zweitwohnsitz\",\"description\":\"Leischnerhaus in Drosendorf\",\"potentialAction\":[{\"@type\":\"SearchAction\",\"target\":{\"@type\":\"EntryPoint\",\"urlTemplate\":\"https:\/\/www.zweitwohnsitz.co.at\/?s={search_term_string}\"},\"query-input\":{\"@type\":\"PropertyValueSpecification\",\"valueRequired\":true,\"valueName\":\"search_term_string\"}}],\"inLanguage\":\"en-US\"}]}<\/script>\n<!-- \/ Yoast SEO plugin. -->","yoast_head_json":{"title":"AGB - zweitwohnsitz","robots":{"index":"index","follow":"follow","max-snippet":"max-snippet:-1","max-image-preview":"max-image-preview:large","max-video-preview":"max-video-preview:-1"},"canonical":"https:\/\/www.zweitwohnsitz.co.at\/agb\/","og_locale":"en_US","og_type":"article","og_title":"AGB - zweitwohnsitz","og_description":"&nbsp; Damit Ihr indess erkennt, woher dieser ganze Irrthum gekommen ist, und weshalb man die Lust anklagt und den Schmerz lobet, so will ich Euch Alles er\u00f6ffnen und auseinander setzen, was jener Begr\u00fcnder der Wahrheit und gleichsam Baumeister des gl\u00fccklichen Lebens selbst dar\u00fcber gesagt hat. Niemand, sagt er, verschm\u00e4he, oder hasse, oder fliehe die Lust [&hellip;]","og_url":"https:\/\/www.zweitwohnsitz.co.at\/agb\/","og_site_name":"zweitwohnsitz","article_modified_time":"2020-12-23T21:15:40+00:00","twitter_card":"summary_large_image","twitter_misc":{"Est. reading time":"1 minute"},"schema":{"@context":"https:\/\/schema.org","@graph":[{"@type":"WebPage","@id":"https:\/\/www.zweitwohnsitz.co.at\/agb\/","url":"https:\/\/www.zweitwohnsitz.co.at\/agb\/","name":"AGB - zweitwohnsitz","isPartOf":{"@id":"https:\/\/www.zweitwohnsitz.co.at\/#website"},"datePublished":"2017-06-13T15:32:19+00:00","dateModified":"2020-12-23T21:15:40+00:00","breadcrumb":{"@id":"https:\/\/www.zweitwohnsitz.co.at\/agb\/#breadcrumb"},"inLanguage":"en-US","potentialAction":[{"@type":"ReadAction","target":["https:\/\/www.zweitwohnsitz.co.at\/agb\/"]}]},{"@type":"BreadcrumbList","@id":"https:\/\/www.zweitwohnsitz.co.at\/agb\/#breadcrumb","itemListElement":[{"@type":"ListItem","position":1,"name":"Startseite","item":"https:\/\/www.zweitwohnsitz.co.at\/"},{"@type":"ListItem","position":2,"name":"AGB"}]},{"@type":"WebSite","@id":"https:\/\/www.zweitwohnsitz.co.at\/#website","url":"https:\/\/www.zweitwohnsitz.co.at\/","name":"zweitwohnsitz","description":"Leischnerhaus in Drosendorf","potentialAction":[{"@type":"SearchAction","target":{"@type":"EntryPoint","urlTemplate":"https:\/\/www.zweitwohnsitz.co.at\/?s={search_term_string}"},"query-input":{"@type":"PropertyValueSpecification","valueRequired":true,"valueName":"search_term_string"}}],"inLanguage":"en-US"}]}},"_links":{"self":[{"href":"https:\/\/www.zweitwohnsitz.co.at\/en\/wp-json\/wp\/v2\/pages\/135","targetHints":{"allow":["GET"]}}],"collection":[{"href":"https:\/\/www.zweitwohnsitz.co.at\/en\/wp-json\/wp\/v2\/pages"}],"about":[{"href":"https:\/\/www.zweitwohnsitz.co.at\/en\/wp-json\/wp\/v2\/types\/page"}],"author":[{"embeddable":true,"href":"https:\/\/www.zweitwohnsitz.co.at\/en\/wp-json\/wp\/v2\/users\/1"}],"replies":[{"embeddable":true,"href":"https:\/\/www.zweitwohnsitz.co.at\/en\/wp-json\/wp\/v2\/comments?post=135"}],"version-history":[{"count":10,"href":"https:\/\/www.zweitwohnsitz.co.at\/en\/wp-json\/wp\/v2\/pages\/135\/revisions"}],"predecessor-version":[{"id":1405,"href":"https:\/\/www.zweitwohnsitz.co.at\/en\/wp-json\/wp\/v2\/pages\/135\/revisions\/1405"}],"wp:attachment":[{"href":"https:\/\/www.zweitwohnsitz.co.at\/en\/wp-json\/wp\/v2\/media?parent=135"}],"curies":[{"name":"wp","href":"https:\/\/api.w.org\/{rel}","templated":true}]}}